{"id":7,"date":"2022-08-30T18:09:02","date_gmt":"2022-08-30T18:09:02","guid":{"rendered":"https:\/\/tip-top-clean.de\/?page_id=7"},"modified":"2022-08-31T08:00:27","modified_gmt":"2022-08-31T08:00:27","slug":"willkommen-auf-https-tip-top-clean-de","status":"publish","type":"page","link":"https:\/\/tip-top-clean.de\/","title":{"rendered":"Willkommen bei Tip-Top-Clean"},"content":{"rendered":"\n<p><\/p>\n\n\n\n<p><strong>Mehr Zeit f\u00fcr die wichtigen Dinge!<\/strong><\/p>\n\n\n\n<p>Sie m\u00f6chten sich nach getaner Arbeit nicht auch noch mit Ihrem Haushalt <br>(putzen, b\u00fcgeln, aufr\u00e4umen, \u2026) befassen, sondern viel lieber entspannen?<\/p>\n\n\n\n<p>Oder wird Ihnen diese Arbeit einfach zu viel?<\/p>\n\n\n\n<p>Kompetent und zuverl\u00e4ssig unterst\u00fctzen wir Sie bei der Erledigung der im Haushalt anfallenden Arbeiten.<\/p>\n\n\n\n<ul class=\"wp-block-list\"><li>Putz- und Reinigungsarbeiten nach Hausfrauenart<\/li><li>Fr\u00fchjahrsputz, Herbstputz<\/li><li>B\u00f6den saugen, wischen, M\u00f6bel abstauben, Bad und WC reinigen, Fensterputzen<\/li><li>B\u00fcgeln<\/li><li>Betten machen<\/li><li>Geschirrsp\u00fclen, Schr\u00e4nke aufr\u00e4umen, M\u00fcll rausbringen<\/li><li>Postabholung, Boteng\u00e4nge<\/li><li>B\u00fcro- und Praxisreinigung<\/li><li>Treppenhausreinigung<\/li><\/ul>\n\n\n\n<p>Alles legal auf Rechnung, die Sie bei ihrer Steuererkl\u00e4rung geltend machen k\u00f6nnen.<\/p>\n\n\n\n<p>Sprechen Sie uns an, wir freuen uns auf Ihre Anfrage.<\/p>\n","protected":false},"excerpt":{"rendered":"<p>Mehr Zeit f\u00fcr die wichtigen Dinge! Sie m\u00f6chten sich nach getaner Arbeit nicht auch noch mit Ihrem Haushalt (putzen, b\u00fcgeln, aufr\u00e4umen, \u2026) befassen, sondern viel lieber entspannen? Oder wird Ihnen diese Arbeit einfach zu viel? Kompetent und zuverl\u00e4ssig unterst\u00fctzen wir Sie bei der Erledigung der im Haushalt anfallenden Arbeiten. Putz- und Reinigungsarbeiten nach Hausfrauenart Fr\u00fchjahrsputz, <a href=\"https:\/\/tip-top-clean.de\/\" class=\"more-link\">...weiterlesen<span class=\"screen-reader-text\"> \"Willkommen bei Tip-Top-Clean\"<\/span><\/a><\/p>\n","protected":false},"author":1,"featured_media":0,"parent":0,"menu_order":0,"comment_status":"closed","ping_status":"closed","template":"","meta":{"footnotes":""},"class_list":["post-7","page","type-page","status-publish","h-entry","hentry","h-as-page"],"_links":{"self":[{"href":"https:\/\/tip-top-clean.de\/index.php?rest_route=\/wp\/v2\/pages\/7","targetHints":{"allow":["GET"]}}],"collection":[{"href":"https:\/\/tip-top-clean.de\/index.php?rest_route=\/wp\/v2\/pages"}],"about":[{"href":"https:\/\/tip-top-clean.de\/index.php?rest_route=\/wp\/v2\/types\/page"}],"author":[{"embeddable":true,"href":"https:\/\/tip-top-clean.de\/index.php?rest_route=\/wp\/v2\/users\/1"}],"replies":[{"embeddable":true,"href":"https:\/\/tip-top-clean.de\/index.php?rest_route=%2Fwp%2Fv2%2Fcomments&post=7"}],"version-history":[{"count":2,"href":"https:\/\/tip-top-clean.de\/index.php?rest_route=\/wp\/v2\/pages\/7\/revisions"}],"predecessor-version":[{"id":17,"href":"https:\/\/tip-top-clean.de\/index.php?rest_route=\/wp\/v2\/pages\/7\/revisions\/17"}],"wp:attachment":[{"href":"https:\/\/tip-top-clean.de\/index.php?rest_route=%2Fwp%2Fv2%2Fmedia&parent=7"}],"curies":[{"name":"wp","href":"https:\/\/api.w.org\/{rel}","templated":true}]}}